{"id":51501,"date":"2026-04-20T06:37:53","date_gmt":"2026-04-20T04:37:53","guid":{"rendered":"https:\/\/iuzb.de\/?page_id=51501"},"modified":"2026-04-22T10:23:34","modified_gmt":"2026-04-22T08:23:34","slug":"51501-2","status":"publish","type":"page","link":"https:\/\/iuzb.de\/?page_id=51501","title":{"rendered":"@ Internet Archive"},"content":{"rendered":"<p>&nbsp;<\/p>\n<table style=\"border-collapse: collapse; width: 100%;\">\n<tbody>\n<tr>\n<td style=\"width: 100%; background-color: #d3d3d3; text-align: left; vertical-align: top;\">&nbsp;<\/p>\n<table class=\"moz-email-headers-table\" border=\"0\" cellspacing=\"0\" cellpadding=\"0\">\n<tbody>\n<tr>\n<th align=\"RIGHT\" valign=\"BASELINE\" nowrap=\"nowrap\"><span style=\"font-family: arial, helvetica, sans-serif; font-size: 12pt;\">Betreff:<\/span><\/th>\n<td><span style=\"font-family: arial, helvetica, sans-serif; font-size: 12pt;\">Domain &#8222;iuzb.de&#8220;: Please completely delete my\/our domain from your archive and place a future block on our domain.<\/span><\/td>\n<\/tr>\n<tr>\n<th align=\"RIGHT\" valign=\"BASELINE\" nowrap=\"nowrap\"><span style=\"font-family: arial, helvetica, sans-serif; font-size: 12pt;\">Datum:<\/span><\/th>\n<td><span style=\"font-family: arial, helvetica, sans-serif; font-size: 12pt;\"><strong>Wed, 22 Apr 2026<\/strong> 09:58:21 +0200<\/span><\/td>\n<\/tr>\n<tr>\n<th align=\"RIGHT\" valign=\"BASELINE\" nowrap=\"nowrap\"><span style=\"font-family: arial, helvetica, sans-serif; font-size: 12pt;\">Von:<\/span><\/th>\n<td><span style=\"font-family: arial, helvetica, sans-serif; font-size: 12pt;\">IUZB e.V. &lt;info@iuzb.de&gt;<\/span><\/td>\n<\/tr>\n<tr>\n<th align=\"RIGHT\" valign=\"BASELINE\" nowrap=\"nowrap\"><span style=\"font-family: arial, helvetica, sans-serif; font-size: 12pt;\">An:<\/span><\/th>\n<td><span style=\"font-family: arial, helvetica, sans-serif; font-size: 12pt;\">info@archive.org<\/span><\/td>\n<\/tr>\n<tr>\n<th align=\"RIGHT\" valign=\"BASELINE\" nowrap=\"nowrap\"><span style=\"font-family: arial, helvetica, sans-serif; font-size: 12pt;\">Kopie (CC):<\/span><\/th>\n<td><span style=\"font-family: arial, helvetica, sans-serif; font-size: 12pt;\">gerhard.gneist@iuzb.de<\/span><\/td>\n<\/tr>\n<\/tbody>\n<\/table>\n<p>&nbsp;<\/p>\n<div class=\"zd-comment zd-comment-pre-styled\"><span style=\"font-family: Arial;\">Sehr geehrte Damen und Herren,<br \/>\n<\/span><span style=\"font-family: Arial;\"><br \/>\nich bin inhaltlich Verantwortlicher und Vertreter der Domain<\/span><\/p>\n<ul>\n<li><span style=\"font-family: Arial;\"><a href=\"https:\/\/www.iuzb.de\" rel=\"noreferrer\">https:\/\/www.iuzb.de<\/a>&nbsp;\/ <a href=\"https:\/\/iuzb.de\/?page_id=42059\">Impressum<\/a>&nbsp;<\/span><\/li>\n<\/ul>\n<p><span style=\"font-family: Arial;\">Sie haben ohne meine\/unsere Einwilligung meine\/unsere Webseiten regelm\u00e4\u00dfig gespiegelt und unter Ihrer eigenen Domain im Internet ver\u00f6ffentlicht:<br \/>\n<\/span><\/p>\n<ul>\n<li><span style=\"font-family: Arial;\">Hier: <a class=\"moz-txt-link-freetext\" href=\"https:\/\/web.archive.org\/web\/20260000000000*\/iuzb.de\">https:\/\/web.archive.org\/web\/20260000000000*\/iuzb.de<\/a>&nbsp;<\/span><span style=\"font-family: Arial;\"><br \/>\n<\/span><\/li>\n<\/ul>\n<p><span style=\"font-family: Arial;\">Ich\/wir bin\/sind damit nicht einverstanden.<\/span><\/p>\n<\/div>\n<div class=\"zd-comment zd-comment-pre-styled\"><span style=\"font-family: Arial;\">&nbsp;<\/span><\/div>\n<div class=\"zd-comment zd-comment-pre-styled\"><span style=\"font-family: Arial;\">Bitte l\u00f6schen Sie <b>alle<\/b> unter meiner\/unserer Domain &#8222;iuzb.de&#8220; abgespeicherten Seiten\/Unterseiten\/URLs aus Ihrem Archiv und bitte nehmen Sie im Sinne einer Sperre meine\/unsere Domain ab sofort nicht mehr in Ihr Archiv auf.<br \/>\n<\/span><span style=\"font-family: Arial;\"><br \/>\nIch\/wir habe\/n diese Aufforderung f\u00fcr Sie auch auf meiner\/unserer Webseiten hier ver\u00f6ffentlicht:<\/span><\/div>\n<div>&nbsp;<\/div>\n<ul>\n<li><span style=\"font-family: Arial;\">L\u00f6schungsaufforderung\/Sperre Internet Archive \/ archive.org \/ Wayback Machine: <a class=\"moz-txt-link-freetext\" href=\"https:\/\/www.iuzb.de\/?page_id=51501\">https:\/\/www.iuzb.de\/?page_id=51501<\/a><\/span><\/li>\n<\/ul>\n<p><span style=\"font-family: Arial;\">Vielen Dank und<br \/>\nmit freundlichen Gr\u00fc\u00dfen<br \/>\n<\/span><span style=\"font-family: Arial;\"><br \/>\n<b>Gerhard Gneist<\/b><\/span><\/p>\n<div class=\"zd-comment zd-comment-pre-styled\"><span style=\"font-family: Arial;\">&nbsp;<\/span><\/div>\n<div class=\"zd-comment zd-comment-pre-styled\"><span style=\"font-family: Arial;\">Inhaltlich Verantwortlicher und Vertreter der Domain <a class=\"moz-txt-link-abbreviated\" href=\"http:\/\/www.iuzb.de\">www.iuzb.de<\/a><br \/>\n1. Vorsitzender IUZB e.V.<br \/>\n<\/span><span style=\"font-family: Arial;\">Spie\u00dfweg 35<br \/>\n13437 Berlin<br \/>\neMail: <a class=\"moz-txt-link-abbreviated moz-txt-link-freetext\" href=\"mailto:gerhard.gneist@iuzb.de\">gerhard.gneist@iuzb.de<\/a><br \/>\n<\/span><span style=\"font-family: Arial;\"><br \/>\n<\/span> <span style=\"font-family: Arial;\">Anlage: Best\u00e4tigung der <a href=\"https:\/\/www.denic.de\/en\/about-denic\" rel=\"noreferrer\">DENIC<\/a> \u00fcber meine Domaininhaberschaft. Link (nur zeitlich begrenzt abrufbar (48 Stunden)):<br \/>\nhttps:\/\/webwhois.denic.de\/holder-info?domain=iuzb.de&amp;key=v7D6f9khR2ZQ1DMYIH9Qnyr5CHEKabgxom5SVJZ07k&amp;lang=de&nbsp;<\/span><\/div>\n<div class=\"zd-comment zd-comment-pre-styled\"><span style=\"font-family: Arial;\">&nbsp;<\/span><\/div>\n<div class=\"zd-comment zd-comment-pre-styled\"><span style=\"font-family: Arial;\"><br \/>\n<\/span> <span style=\"font-family: Arial;\"><br \/>\n<u>\u00dcbersetzung\/Translation mit\/with Google (because, I \/we can&#8217;t speak\/write English):<\/u><\/span><\/div>\n<div class=\"zd-comment zd-comment-pre-styled\"><span style=\"font-family: Arial;\"><u>&nbsp;<\/u><\/span><\/div>\n<p><span style=\"font-family: Arial;\"><br \/>\nDear Sir\/Madam,<\/span><\/p>\n<p>I am the person responsible for the content and the representative of the domain<\/p>\n<ul>\n<li><span style=\"font-family: Arial;\"><a class=\"moz-txt-link-freetext\" href=\"https:\/\/www\/\/iuzb.de\">https:\/\/www\/\/iuzb.de<\/a> \/ <a href=\"https:\/\/iuzb.de\/?page_id=42059\">Imprint<\/a><\/span><\/li>\n<\/ul>\n<p><span style=\"font-family: Arial;\">Without my\/our consent, you have been regularly mirroring my\/our website and publishing it under your own domain on the internet:<\/span><\/p>\n<ul>\n<li><span style=\"font-family: Arial;\">Here: <a class=\"moz-txt-link-freetext\" href=\"https:\/\/web.archive.org\/web\/20260000000000*\/iuzb.de\">https:\/\/web.archive.org\/web\/20260000000000*\/iuzb.de<\/a>&nbsp;<\/span><\/li>\n<\/ul>\n<p><span style=\"font-family: Arial;\">I\/we do not agree to this.<\/span><\/p>\n<p><span style=\"font-family: Arial;\">Please delete <b>all<\/b> pages\/subpages\/URLs saved under my\/our domain &#8222;iuzb.de&#8220; from your archive and, as a form of blocking, please no longer include my\/our domain in your archive.<\/span><\/p>\n<p><span style=\"font-family: Arial;\">I\/we have also published this request for you on my\/our website here:&nbsp;<\/span><\/p>\n<ul>\n<li><span style=\"font-family: Arial;\">Deleted Item Request\/Blocking Internet Archive \/ archive.org \/ Wayback Machine: <a class=\"moz-txt-link-freetext\" href=\"https:\/\/www.iuzb.de\/?page_id=51501\">https:\/\/www.iuzb.de\/?page_id=51501<\/a><\/span><\/li>\n<\/ul>\n<p><span style=\"font-family: Arial;\">Thank you and<br \/>\nSincerely,<\/span><\/p>\n<p>Gerhard Gneist<\/p>\n<p>Responsible for content and representative of the domain <a class=\"moz-txt-link-abbreviated\" href=\"http:\/\/www.iuzb.de\">www.iuzb.de<\/a><br \/>\nChairman of IUZB e.V.<br \/>\nSpie\u00dfweg 35<br \/>\n13437 Berlin<br \/>\nEmail: <a class=\"moz-txt-link-abbreviated moz-txt-link-freetext\" href=\"mailto:gerhard.gneist@iuzb.de\">gerhard.gneist@iuzb.de<\/a><\/p>\n<p>Attachment: Confirmation from <a href=\"https:\/\/www.denic.de\/en\/about-denic\">DENIC<\/a> regarding my domain ownership. Link (accessible for a limited time only (48 hours)):<br \/>\nhttps:\/\/webwhois.denic.de\/holder-info?domain=iuzb.de&amp;key=v7D6f9khR2ZQ1DMYIH9Qnyr5CHEKabgxom5SVJZ07k&amp;lang=de<\/td>\n<\/tr>\n<\/tbody>\n<\/table>\n<p>&nbsp;<\/p>\n","protected":false},"excerpt":{"rendered":"<p>&nbsp; &nbsp; Betreff: Domain &#8222;iuzb.de&#8220;: Please completely delete my\/our domain from your archive and place a future block on our domain. Datum: Wed, 22 Apr 2026 09:58:21 +0200 Von: IUZB [&#8230;]<\/p>\n","protected":false},"author":13,"featured_media":0,"parent":0,"menu_order":0,"comment_status":"closed","ping_status":"closed","template":"template-fullwidth.php","meta":{"ngg_post_thumbnail":0,"iawp_total_views":4,"footnotes":""},"class_list":["post-51501","page","type-page","status-publish","hentry"],"_links":{"self":[{"href":"https:\/\/iuzb.de\/index.php?rest_route=\/wp\/v2\/pages\/51501","targetHints":{"allow":["GET"]}}],"collection":[{"href":"https:\/\/iuzb.de\/index.php?rest_route=\/wp\/v2\/pages"}],"about":[{"href":"https:\/\/iuzb.de\/index.php?rest_route=\/wp\/v2\/types\/page"}],"author":[{"embeddable":true,"href":"https:\/\/iuzb.de\/index.php?rest_route=\/wp\/v2\/users\/13"}],"replies":[{"embeddable":true,"href":"https:\/\/iuzb.de\/index.php?rest_route=%2Fwp%2Fv2%2Fcomments&post=51501"}],"version-history":[{"count":12,"href":"https:\/\/iuzb.de\/index.php?rest_route=\/wp\/v2\/pages\/51501\/revisions"}],"predecessor-version":[{"id":51642,"href":"https:\/\/iuzb.de\/index.php?rest_route=\/wp\/v2\/pages\/51501\/revisions\/51642"}],"wp:attachment":[{"href":"https:\/\/iuzb.de\/index.php?rest_route=%2Fwp%2Fv2%2Fmedia&parent=51501"}],"curies":[{"name":"wp","href":"https:\/\/api.w.org\/{rel}","templated":true}]}}