{"id":48107,"date":"2025-08-15T11:02:43","date_gmt":"2025-08-15T09:02:43","guid":{"rendered":"https:\/\/iuzb.de\/?page_id=48107"},"modified":"2025-10-31T21:18:39","modified_gmt":"2025-10-31T20:18:39","slug":"9-3","status":"publish","type":"page","link":"https:\/\/iuzb.de\/?page_id=48107","title":{"rendered":"Stopp dem Irrsinn!"},"content":{"rendered":"<table style=\"border-collapse: collapse; width: 100%;\">\n<tbody>\n<tr>\n<td style=\"width: 100%; background-color: #ffed00;\">\n<p style=\"text-align: justify;\"><span style=\"font-family: arial, helvetica, sans-serif; font-size: 18pt; color: #008889;\"><strong>Es reicht! <\/strong><\/span><\/p>\n<p style=\"text-align: justify;\"><span style=\"font-family: arial, helvetica, sans-serif; font-size: 14pt;\"><strong>Lassen Sie unser Versorgungswerk nicht zu Grunde gehen. Selbsternannte \u201eAufkl\u00e4rer\u201c zerst\u00f6ren fortlaufend Werte und damit auch Ihre zuk\u00fcnftige Rente.<\/strong><\/span><\/p>\n<p style=\"text-align: justify; padding-left: 40px;\"><span style=\"font-family: arial, helvetica, sans-serif; font-size: 12pt;\">Die vorhandenen gro\u00dfen Probleme im Versorgungswerk erfordern kompetente L\u00f6sungen \u2013 und keinen blinden Rundumschlag der selbst ernannten \u201eAufkl\u00e4rer\u201c. Viele hunderttausende Euro an Beraterkosten sollen wohl das eigene Unverm\u00f6gen \u00fcberdecken. Das Unverm\u00f6gen, die riskanten fr\u00fcheren Anlagepositionen schonend abzubauen. Stattdessen wird versucht, Andere auch f\u00fcr den selbstverursachten Schaden haftbar zu machen.<\/span><\/p>\n<p style=\"text-align: justify;\"><span style=\"font-family: arial, helvetica, sans-serif; font-size: 14pt;\"><strong>Ein tanzender Elefant im Porzellanladen, dem der Schaden nicht gro\u00df genug sein kann?<\/strong><\/span><\/p>\n<p style=\"text-align: justify; padding-left: 40px;\"><span style=\"font-family: arial, helvetica, sans-serif; font-size: 12pt;\">Lassen Sie sich nicht t\u00e4uschen! Au\u00dfer weiteren Schaden und immenser Kosten hat die Gruppe aus \u201eBUZ 2.0\u201cund \u201eFreiem Verband\u201c wenig gekonnt.<\/span><\/p>\n<p style=\"text-align: justify; padding-left: 40px;\"><span style=\"font-family: arial, helvetica, sans-serif; font-size: 12pt;\">Wir als IUZB stehen f\u00fcr konstruktive Kritik und Erfolge \u2013 in Kammer und KZV. Niemals hatten die Berliner Zahn\u00e4rzte mehr Geld zur Verf\u00fcgung als jetzt. Ein Erfolg der Verhandlungen durch unser <span style=\"background-color: #008889; color: #ffffff;\">IUZB-Mitglied<\/span> Dr. Andreas Hessberger f\u00fcr die KZV Berlin.&nbsp;&gt; <a href=\"https:\/\/iuzb.de\/?page_id=48103\" target=\"_blank\" rel=\"noopener\">Mehr<\/a><\/span><\/p>\n<p style=\"text-align: justify;\"><span style=\"font-family: arial, helvetica, sans-serif; font-size: 14pt;\"><strong>Auch im Versorgungswerk k\u00f6nnen wir die besseren Entscheidungen treffen \u2013 mit Ihrer Unterst\u00fctzung durch Ihre Stimme.<\/strong><\/span><\/p>\n<p style=\"text-align: justify;\">&nbsp;<\/p>\n<p style=\"text-align: justify;\"><span style=\"font-family: arial, helvetica, sans-serif; font-size: 18pt; color: #008889;\"><strong>VZB: Wussten Sie, dass \u2026<\/strong><\/span><\/p>\n<p style=\"text-align: justify; padding-left: 40px;\"><span style=\"font-family: arial, helvetica, sans-serif; font-size: 12pt;\">&#8230; die Personen und Verb\u00e4nde, die sich nun als \u201eAufkl\u00e4rer\u201c sehen, die Misere in unserem Versorgungswerk an f\u00fchrender Stelle zum Teil selbst mitverursacht und begleitet haben?<\/span><\/p>\n<p style=\"text-align: justify; padding-left: 40px;\"><span style=\"font-family: arial, helvetica, sans-serif; font-size: 12pt;\">&#8230; der &#8222;Freie Verband&#8220; seit weit \u00fcber zwanzig Jahren fortlaufend den Vorsitz oder Co-Vorsitz im Entscheidungsgremium f\u00fcr die Kapitalanlage innehatte? &gt; <a href=\"https:\/\/iuzb.de\/wp-content\/uploads\/2025\/10\/1999-2025-VZB-VA-Machtverhaeltnisse-Verbaende-Berliner-Mitglieder.png\" target=\"_blank\" rel=\"noopener\">Grafik<\/a><\/span><\/p>\n<p style=\"text-align: justify; padding-left: 40px;\"><span style=\"font-family: arial, helvetica, sans-serif; font-size: 12pt;\">&#8230; der neue Vorsitzende dieses Gremiums ebenso vom &#8222;Freien Verband&#8220; kommt, sich aber als &#8222;Aufkl\u00e4rer&#8220; generiert? &gt; <a href=\"https:\/\/iuzb.de\/wp-content\/uploads\/2025\/10\/1999-2025-VZB-VA-Machtverhaeltnisse-Verbaende-Berliner-Mitglieder.png\" target=\"_blank\" rel=\"noopener\">Grafik<\/a><\/span><\/p>\n<p style=\"text-align: justify; padding-left: 40px;\"><span style=\"font-family: arial, helvetica, sans-serif; font-size: 12pt;\">&#8230; das vorsitzende Mitglied der Vertreterversammlung und Platz drei der &#8222;Aufkl\u00e4rer&#8220;-Liste &#8222;BUZ 2.0&#8220; nahezu zwanzig Jahre lang an der Entlastung der Verantwortlichen mitgewirkt hat? &gt; <a href=\"https:\/\/iuzb.de\/wp-content\/uploads\/2025\/10\/Stopp-dem-Irrsinn-Nach-fast-20-Jahren-.pdf\" target=\"_blank\" rel=\"noopener\">Mehr<\/a><\/span><\/p>\n<p style=\"text-align: justify; padding-left: 40px;\"><span style=\"font-family: arial, helvetica, sans-serif; font-size: 12pt;\">&#8230; der Listenf\u00fchrer von \u201eBUZ 2.0\u201c die Behauptung auf seiner Website die IUZB sei f\u00fcr die Millionenverluste des Versorgungswerkes mitverantwortlich, \u00f6ffentlich widerrufen musste? &gt; <a href=\"https:\/\/iuzb.de\/?p=49496\" target=\"_blank\" rel=\"noopener\">Mehr<\/a><\/span><\/p>\n<p style=\"text-align: justify; padding-left: 40px;\"><span style=\"font-family: arial, helvetica, sans-serif; font-size: 12pt;\">&#8230; die IUZB konkrete Vorschl\u00e4ge f\u00fcr eine zukunftsorientierte Reform unseres Versorgungswerkes vorgelegt hat, w\u00e4hrend andere nur wolkige Versprechungen machen? &gt; <a href=\"https:\/\/iuzb.de\/?page_id=48101\" target=\"_blank\" rel=\"noopener\">Mehr<\/a> und &gt; <a href=\"https:\/\/iuzb.de\/?page_id=48108\" target=\"_blank\" rel=\"noopener\">Mehr<\/a>.<\/span><\/p>\n<p style=\"text-align: justify;\">&nbsp;<\/p>\n<p style=\"text-align: justify;\"><span style=\"font-family: arial, helvetica, sans-serif; font-size: 18pt; color: #008889;\"><strong>Z\u00c4K: Wussten Sie, dass \u2026<\/strong><\/span><\/p>\n<p style=\"text-align: justify;\"><span style=\"font-family: arial, helvetica, sans-serif; font-size: 12pt;\">&#8230; die Verkleinerung der Versammlung der Bundeszahn\u00e4rztekammer und damit eine deutliche Einsparung f\u00fcr alle Zahn\u00e4rzte in Deutschland auf eine IUZB-Initiative erfolgte? &gt; <a href=\"https:\/\/iuzb.de\/?p=46413\" target=\"_blank\" rel=\"noopener\">Mehr<\/a><\/span><\/p>\n<p style=\"text-align: justify;\"><span style=\"font-family: arial, helvetica, sans-serif; font-size: 12pt;\">&#8230; die Ordnung der Finanzen der Berliner Zahn\u00e4rztekammer durch unser <span style=\"background-color: #008889; color: #ffffff;\">IUZB-Mitglied<\/span> Dr. J\u00fcrgen Brandt als zust\u00e4ndiger Kammervorstand erfolgreich umgesetzt wurde?<\/span><\/p>\n<p style=\"text-align: justify;\">&nbsp;<\/p>\n<p style=\"text-align: justify;\"><span style=\"font-family: arial, helvetica, sans-serif; font-size: 18pt; color: #008889;\"><strong>KZV: Wussten Sie, dass \u2026<\/strong><\/span><\/p>\n<p style=\"text-align: justify;\"><span style=\"font-family: arial, helvetica, sans-serif; font-size: 12pt;\">&#8230; die durch unser <span style=\"background-color: #008889; color: #ffffff;\">IUZB-Mitglied<\/span> Dr. Andreas Hessberger verhandelten \u00fcber 40 Millionen Euro Budgeterh\u00f6hung f\u00fcr die Berliner Praxen &#8222;basiswirksam&#8220; sind? Das bedeutet, dass in den Folgejahren weiter darauf aufgebaut wird? <a href=\"https:\/\/iuzb.de\/?page_id=48103\" target=\"_blank\" rel=\"noopener\">Mehr<\/a>&nbsp;<\/span><\/p>\n<p style=\"text-align: justify;\">&nbsp;<\/p>\n<p style=\"text-align: justify;\">&nbsp;<\/p>\n<p style=\"text-align: justify;\"><span style=\"font-family: arial, helvetica, sans-serif; font-size: 12pt;\"><a href=\"https:\/\/iuzb.de\/?page_id=48110\" target=\"_blank\" rel=\"noopener\"><img loading=\"lazy\" decoding=\"async\" class=\"wp-image-49438 size-full aligncenter\" src=\"https:\/\/iuzb.de\/wp-content\/uploads\/2025\/10\/IUZB-Wir-fuer-Sie-und-die-Berliner-Kammer.png\" alt=\"\" width=\"1076\" height=\"316\" srcset=\"https:\/\/iuzb.de\/wp-content\/uploads\/2025\/10\/IUZB-Wir-fuer-Sie-und-die-Berliner-Kammer.png 1076w, https:\/\/iuzb.de\/wp-content\/uploads\/2025\/10\/IUZB-Wir-fuer-Sie-und-die-Berliner-Kammer-450x132.png 450w, https:\/\/iuzb.de\/wp-content\/uploads\/2025\/10\/IUZB-Wir-fuer-Sie-und-die-Berliner-Kammer-330x97.png 330w, https:\/\/iuzb.de\/wp-content\/uploads\/2025\/10\/IUZB-Wir-fuer-Sie-und-die-Berliner-Kammer-768x226.png 768w\" sizes=\"auto, (max-width: 1076px) 100vw, 1076px\" \/><\/a><\/span><\/p>\n<p style=\"text-align: center;\"><span style=\"font-family: arial, helvetica, sans-serif; font-size: 12pt;\"><strong>und weitere <a href=\"https:\/\/iuzb.de\/?page_id=48110\" target=\"_blank\" rel=\"noopener\">20 Kandidatinnen und 23 Kandidaten<\/a>.<\/strong><\/span><\/p>\n<p><img loading=\"lazy\" decoding=\"async\" class=\"aligncenter wp-image-48691\" src=\"https:\/\/iuzb.de\/wp-content\/uploads\/2025\/09\/IUZB-Herz-640.png\" alt=\"\" width=\"150\" height=\"105\" srcset=\"https:\/\/iuzb.de\/wp-content\/uploads\/2025\/09\/IUZB-Herz-640.png 640w, https:\/\/iuzb.de\/wp-content\/uploads\/2025\/09\/IUZB-Herz-640-430x300.png 430w, https:\/\/iuzb.de\/wp-content\/uploads\/2025\/09\/IUZB-Herz-640-172x120.png 172w\" sizes=\"auto, (max-width: 150px) 100vw, 150px\" \/><\/td>\n<\/tr>\n<\/tbody>\n<\/table>\n<p>&nbsp;<\/p>\n","protected":false},"excerpt":{"rendered":"<p>Es reicht! Lassen Sie unser Versorgungswerk nicht zu Grunde gehen. Selbsternannte \u201eAufkl\u00e4rer\u201c zerst\u00f6ren fortlaufend Werte und damit auch Ihre zuk\u00fcnftige Rente. Die vorhandenen gro\u00dfen Probleme im Versorgungswerk erfordern kompetente L\u00f6sungen [&#8230;]<\/p>\n","protected":false},"author":13,"featured_media":0,"parent":48100,"menu_order":0,"comment_status":"closed","ping_status":"closed","template":"template-fullwidth.php","meta":{"ngg_post_thumbnail":0,"iawp_total_views":29,"footnotes":""},"class_list":["post-48107","page","type-page","status-publish","hentry"],"_links":{"self":[{"href":"https:\/\/iuzb.de\/index.php?rest_route=\/wp\/v2\/pages\/48107","targetHints":{"allow":["GET"]}}],"collection":[{"href":"https:\/\/iuzb.de\/index.php?rest_route=\/wp\/v2\/pages"}],"about":[{"href":"https:\/\/iuzb.de\/index.php?rest_route=\/wp\/v2\/types\/page"}],"author":[{"embeddable":true,"href":"https:\/\/iuzb.de\/index.php?rest_route=\/wp\/v2\/users\/13"}],"replies":[{"embeddable":true,"href":"https:\/\/iuzb.de\/index.php?rest_route=%2Fwp%2Fv2%2Fcomments&post=48107"}],"version-history":[{"count":75,"href":"https:\/\/iuzb.de\/index.php?rest_route=\/wp\/v2\/pages\/48107\/revisions"}],"predecessor-version":[{"id":50108,"href":"https:\/\/iuzb.de\/index.php?rest_route=\/wp\/v2\/pages\/48107\/revisions\/50108"}],"up":[{"embeddable":true,"href":"https:\/\/iuzb.de\/index.php?rest_route=\/wp\/v2\/pages\/48100"}],"wp:attachment":[{"href":"https:\/\/iuzb.de\/index.php?rest_route=%2Fwp%2Fv2%2Fmedia&parent=48107"}],"curies":[{"name":"wp","href":"https:\/\/api.w.org\/{rel}","templated":true}]}}