{"id":48106,"date":"2025-08-15T11:02:42","date_gmt":"2025-08-15T09:02:42","guid":{"rendered":"https:\/\/iuzb.de\/?page_id=48106"},"modified":"2025-10-16T07:20:34","modified_gmt":"2025-10-16T05:20:34","slug":"8-3","status":"publish","type":"page","link":"https:\/\/iuzb.de\/?page_id=48106","title":{"rendered":"6. Kammer und KZV &#8211; Gemeinsam stark!"},"content":{"rendered":"<p>&nbsp;<\/p>\n<p style=\"text-align: justify; padding-left: 40px;\"><span style=\"color: #008889; font-family: arial, helvetica, sans-serif; font-size: 14pt;\">Die Praxen st\u00e4rken. Ohne Eitelkeiten. Durch geeignete Kandidaten.<br \/>\n<strong>Durch uns.<\/strong><\/span><\/p>\n<p>&nbsp;<\/p>\n<p style=\"text-align: justify;\"><span style=\"font-family: arial, helvetica, sans-serif; font-size: 12pt;\">Es sind L\u00f6sungen f\u00fcr die Praxen n\u00f6tig &#8211; und keine Kompetenzstreite zwischen den KZV und Kammer. Die Vermeidung von Doppel-Strukturen erspart Kosten f\u00fcr alle \u2013 und damit den Praxen. Die erarbeiteten L\u00f6sungen sind den Berliner Zahn\u00e4rztinnen und Zahn\u00e4rzten an die Hand zu geben \u2013 f\u00fcr eine erfolgreiche Praxisf\u00fchrung. <\/span><\/p>\n<p style=\"text-align: justify;\"><span style=\"font-family: arial, helvetica, sans-serif; font-size: 12pt;\">So informierte <span style=\"color: #ffffff; background-color: #008889;\">Kammervorstand Dr. J\u00fcrgen Brandt (IUZB)<\/span> die Kollegenschaft inzwischen in zahlreichen Veranstaltungen \u00fcber die Gestaltungsm\u00f6glichkeiten der privaten Rechnungsstellung. Dies teilweise zusammen mit den <span style=\"background-color: #008889; color: #ffffff;\">KZV-Vorstand Dr. Andreas Hessberger (IUZB)<\/span>, welcher die neu verhandelten und deutlich verbesserten Bedingungen f\u00fcr Abrechnung in der gesetzlichen Krankenversicherung darstellte.<\/span><\/p>\n<p style=\"text-align: justify;\"><span style=\"font-family: arial, helvetica, sans-serif; font-size: 12pt;\">Weitere gemeinsame Informationsformate mit der Zahn\u00e4rztekammer sind in der Zeit KZV-F\u00fchrung durch die IUZB begonnen worden. Die vertrauensvolle Zusammenarbeit gilt es fortzusetzen. Dies mit kompetenten Kollegen &#8211;&nbsp; <span style=\"color: #ffffff; background-color: #008889;\">f\u00fcr Sie<\/span>.<\/span><\/p>\n<p>&nbsp;<\/p>\n<p><a href=\"https:\/\/iuzb.de\/wp-content\/uploads\/2025\/10\/IUZB-Wir-fuer-Sie-und-die-Berliner-Kammer.png\" target=\"_blank\" rel=\"noopener\"><img loading=\"lazy\" decoding=\"async\" class=\"alignnone wp-image-49438 size-full\" src=\"https:\/\/iuzb.de\/wp-content\/uploads\/2025\/10\/IUZB-Wir-fuer-Sie-und-die-Berliner-Kammer.png\" alt=\"\" width=\"1076\" height=\"316\" srcset=\"https:\/\/iuzb.de\/wp-content\/uploads\/2025\/10\/IUZB-Wir-fuer-Sie-und-die-Berliner-Kammer.png 1076w, https:\/\/iuzb.de\/wp-content\/uploads\/2025\/10\/IUZB-Wir-fuer-Sie-und-die-Berliner-Kammer-450x132.png 450w, https:\/\/iuzb.de\/wp-content\/uploads\/2025\/10\/IUZB-Wir-fuer-Sie-und-die-Berliner-Kammer-330x97.png 330w, https:\/\/iuzb.de\/wp-content\/uploads\/2025\/10\/IUZB-Wir-fuer-Sie-und-die-Berliner-Kammer-768x226.png 768w\" sizes=\"auto, (max-width: 1076px) 100vw, 1076px\" \/><\/a><\/p>\n<p><span style=\"font-family: arial, helvetica, sans-serif; font-size: 12pt; color: #008889;\"><strong>und weitere <a href=\"https:\/\/iuzb.de\/?page_id=48110\" target=\"_blank\" rel=\"noopener\">20 Kandidatinnen und 23 Kandidaten<\/a>.<\/strong><\/span><\/p>\n<p>&nbsp;<\/p>\n<p><img loading=\"lazy\" decoding=\"async\" class=\"wp-image-48691 alignnone\" src=\"https:\/\/iuzb.de\/wp-content\/uploads\/2025\/09\/IUZB-Herz-640.png\" alt=\"\" width=\"150\" height=\"105\" srcset=\"https:\/\/iuzb.de\/wp-content\/uploads\/2025\/09\/IUZB-Herz-640.png 640w, https:\/\/iuzb.de\/wp-content\/uploads\/2025\/09\/IUZB-Herz-640-430x300.png 430w, https:\/\/iuzb.de\/wp-content\/uploads\/2025\/09\/IUZB-Herz-640-172x120.png 172w\" sizes=\"auto, (max-width: 150px) 100vw, 150px\" \/><\/p>\n<p>&nbsp;<\/p>\n","protected":false},"excerpt":{"rendered":"<p>&nbsp; Die Praxen st\u00e4rken. Ohne Eitelkeiten. Durch geeignete Kandidaten. Durch uns. &nbsp; Es sind L\u00f6sungen f\u00fcr die Praxen n\u00f6tig &#8211; und keine Kompetenzstreite zwischen den KZV und Kammer. Die Vermeidung [&#8230;]<\/p>\n","protected":false},"author":13,"featured_media":0,"parent":0,"menu_order":0,"comment_status":"closed","ping_status":"closed","template":"template-fullwidth.php","meta":{"ngg_post_thumbnail":0,"iawp_total_views":58,"footnotes":""},"class_list":["post-48106","page","type-page","status-publish","hentry"],"_links":{"self":[{"href":"https:\/\/iuzb.de\/index.php?rest_route=\/wp\/v2\/pages\/48106","targetHints":{"allow":["GET"]}}],"collection":[{"href":"https:\/\/iuzb.de\/index.php?rest_route=\/wp\/v2\/pages"}],"about":[{"href":"https:\/\/iuzb.de\/index.php?rest_route=\/wp\/v2\/types\/page"}],"author":[{"embeddable":true,"href":"https:\/\/iuzb.de\/index.php?rest_route=\/wp\/v2\/users\/13"}],"replies":[{"embeddable":true,"href":"https:\/\/iuzb.de\/index.php?rest_route=%2Fwp%2Fv2%2Fcomments&post=48106"}],"version-history":[{"count":31,"href":"https:\/\/iuzb.de\/index.php?rest_route=\/wp\/v2\/pages\/48106\/revisions"}],"predecessor-version":[{"id":49585,"href":"https:\/\/iuzb.de\/index.php?rest_route=\/wp\/v2\/pages\/48106\/revisions\/49585"}],"wp:attachment":[{"href":"https:\/\/iuzb.de\/index.php?rest_route=%2Fwp%2Fv2%2Fmedia&parent=48106"}],"curies":[{"name":"wp","href":"https:\/\/api.w.org\/{rel}","templated":true}]}}