{"id":2,"date":"2008-06-30T23:19:36","date_gmt":"2008-06-30T21:19:36","guid":{"rendered":"http:\/\/www.iuzb.net\/wordpress\/?page_id=2"},"modified":"2025-08-16T10:08:16","modified_gmt":"2025-08-16T08:08:16","slug":"about","status":"publish","type":"page","link":"https:\/\/iuzb.de\/?page_id=2","title":{"rendered":"IUZB &#8211; Vereinsmitgliedschaft"},"content":{"rendered":"<p style=\"text-align: justify;\"><span style=\"font-family: arial, helvetica, sans-serif; font-size: 12pt;\">Wir freuen uns, dass Sie Mitglied der Initiative Unabh\u00e4ngige Zahn\u00e4rzte Berlin werden m\u00f6chten!<\/span><\/p>\n<ul style=\"text-align: justify;\">\n<li><span style=\"font-family: arial, helvetica, sans-serif; font-size: 12pt;\">Je mehr Mitglieder wir haben, desto mehr k\u00f6nnen wir erreichen!<\/span><\/li>\n<li><span style=\"font-family: arial, helvetica, sans-serif; font-size: 12pt;\">Sie k\u00f6nnen bei uns &#8222;<em>einfach nur Mitglied<\/em>&#8220; sein und uns mit einem regul\u00e4ren Mitgliedsbeitrag von <span style=\"text-decoration: underline;\">20,00 \u20ac\/Monat<\/span> unterst\u00fctzen.<\/span><\/li>\n<li><span style=\"font-family: arial, helvetica, sans-serif; font-size: 12pt;\">Sie k\u00f6nnen sich aber ebenso auch gerne aktiv einbringen. Denn aus unserem Verein heraus konstituiert sich regelm\u00e4\u00dfig eine IUZB Wahlliste und so sind wir an Kolleginnen und Kollegen interessiert, welche sich \u00fcber unsere Wahlliste hinaus auch in das Geschehen unserer Selbstververwaltungk\u00f6rperschaften KZV Berlin, Zahn\u00e4rztekammer Berlin und Versorgungswerk der Zahn\u00e4rztekammer Berlin einbringen m\u00f6chten.<\/span><br \/>\n<span style=\"font-family: arial, helvetica, sans-serif; font-size: 12pt;\">Denn: <strong><span style=\"color: #008889;\">Selbstverwaltung kommt nicht von selbst!<\/span><\/strong><\/span><\/li>\n<\/ul>\n<p style=\"text-align: justify;\"><span style=\"font-family: arial, helvetica, sans-serif; font-size: 12pt;\"><strong>Wir freuen uns also auf Sie!<\/strong><\/span><\/p>\n<p style=\"text-align: justify;\"><span style=\"font-family: arial, helvetica, sans-serif; font-size: 12pt;\">Bitte drucken Sie sich die folgenden PDF-Dokumente aus<\/span><\/p>\n<ul style=\"text-align: justify;\">\n<li><span style=\"font-size: 12pt; font-family: arial, helvetica, sans-serif;\"><a href=\"https:\/\/iuzb.de\/wp-content\/uploads\/2023\/06\/IUZB-Aufnahmeantrag-Beitrittserklaerung-mit-SEPA-Basislastschriftmandat-ab-01.01.2019.pdf\" target=\"_blank\" rel=\"noopener\">Aufnahmeantrag und SEPA-Basislastschriftmandat<\/a>: <span style=\"color: #ff0000;\">Das muss zu uns!<br \/>\n<span style=\"color: #ffffff;\">.<\/span><br \/>\n<\/span><\/span><\/li>\n<li><span style=\"font-family: arial, helvetica, sans-serif; font-size: 12pt;\"><a href=\"https:\/\/iuzb.de\/wp-content\/uploads\/2008\/06\/IUZB-Satzung-ab-2010-07-09.pdf\" target=\"_blank\" rel=\"noopener noreferrer\">Satzung<\/a>: Zum Verbleib bei Ihnen.<\/span><\/li>\n<li><span style=\"font-family: arial, helvetica, sans-serif; font-size: 12pt;\"><a href=\"https:\/\/iuzb.de\/wp-content\/uploads\/2024\/04\/IUZB-Beitragsordnung-ab-01.01.2025.pdf\" target=\"_blank\" rel=\"noopener\">Beitragsordnung g\u00fcltig seit 01.01.2025<\/a>: Zum Verbleib bei Ihnen.<\/span><\/li>\n<li><span style=\"font-family: arial, helvetica, sans-serif; font-size: 12pt;\">Datenschutzinformationen finden Sie <a href=\"https:\/\/iuzb.de\/?page_id=42068\" target=\"_blank\" rel=\"noopener\">hier<\/a>.<\/span><\/li>\n<\/ul>\n<p style=\"text-align: justify;\"><span style=\"font-family: arial, helvetica, sans-serif; font-size: 12pt;\">Ihren <strong>ausgef\u00fcllten Aufnahmeantrag und das SEPA-Basislastschriftmandat <\/strong>(&#8222;Einzugserm\u00e4chtigung&#8220;) schicken Sie bitte <strong>per Briefpost<\/strong> an:<\/span><\/p>\n<p style=\"text-align: justify; padding-left: 30px;\"><span style=\"font-family: arial, helvetica, sans-serif; font-size: 12pt;\"><strong>Zahnarzt Gerhard Gneist<br \/>\n1. Vorsitzender IUZB e.V.<br \/>\nSpie\u00dfweg 35<br \/>\n13437 Berlin<br \/>\n<\/strong><\/span><\/p>\n<p style=\"text-align: justify;\"><span style=\"font-family: arial, helvetica, sans-serif; font-size: 12pt;\">F\u00fcr die Beantwortung Ihrer Fragen steht Ihnen Herr Gneist gerne zur Verf\u00fcgung:<\/span><\/p>\n<ul>\n<li><span style=\"font-family: arial, helvetica, sans-serif; font-size: 12pt;\">Telefon 0173 65 64 726<\/span><\/li>\n<li><span style=\"font-family: arial, helvetica, sans-serif; font-size: 12pt;\">eMail: <\/span><a href=\"mailto:ggneist@yahoo.de\" target=\"_blank\" rel=\"noopener noreferrer\"><span style=\"font-family: arial, helvetica, sans-serif; font-size: 12pt;\">gerhard.gneist@iuzb.de<\/span><\/a><\/li>\n<\/ul>\n<p style=\"text-align: justify;\">&nbsp;<\/p>\n<p style=\"text-align: justify;\">&nbsp;<\/p>\n","protected":false},"excerpt":{"rendered":"<p>Wir freuen uns, dass Sie Mitglied der Initiative Unabh\u00e4ngige Zahn\u00e4rzte Berlin werden m\u00f6chten! Je mehr Mitglieder wir haben, desto mehr k\u00f6nnen wir erreichen! Sie k\u00f6nnen bei uns &#8222;einfach nur Mitglied&#8220; [&#8230;]<\/p>\n","protected":false},"author":13,"featured_media":0,"parent":0,"menu_order":0,"comment_status":"closed","ping_status":"closed","template":"","meta":{"ngg_post_thumbnail":0,"iawp_total_views":21,"footnotes":""},"class_list":["post-2","page","type-page","status-publish","hentry"],"_links":{"self":[{"href":"https:\/\/iuzb.de\/index.php?rest_route=\/wp\/v2\/pages\/2","targetHints":{"allow":["GET"]}}],"collection":[{"href":"https:\/\/iuzb.de\/index.php?rest_route=\/wp\/v2\/pages"}],"about":[{"href":"https:\/\/iuzb.de\/index.php?rest_route=\/wp\/v2\/types\/page"}],"author":[{"embeddable":true,"href":"https:\/\/iuzb.de\/index.php?rest_route=\/wp\/v2\/users\/13"}],"replies":[{"embeddable":true,"href":"https:\/\/iuzb.de\/index.php?rest_route=%2Fwp%2Fv2%2Fcomments&post=2"}],"version-history":[{"count":52,"href":"https:\/\/iuzb.de\/index.php?rest_route=\/wp\/v2\/pages\/2\/revisions"}],"predecessor-version":[{"id":48283,"href":"https:\/\/iuzb.de\/index.php?rest_route=\/wp\/v2\/pages\/2\/revisions\/48283"}],"wp:attachment":[{"href":"https:\/\/iuzb.de\/index.php?rest_route=%2Fwp%2Fv2%2Fmedia&parent=2"}],"curies":[{"name":"wp","href":"https:\/\/api.w.org\/{rel}","templated":true}]}}